{"id":723,"date":"2023-07-18T09:56:43","date_gmt":"2023-07-18T09:56:43","guid":{"rendered":"https:\/\/lacrycon-duo.ch\/mentions-legales\/"},"modified":"2023-08-08T06:59:26","modified_gmt":"2023-08-08T06:59:26","slug":"mentions-legales","status":"publish","type":"page","link":"https:\/\/lacrycon-duo.ch\/fr\/mentions-legales\/","title":{"rendered":"Mentions l\u00e9gales"},"content":{"rendered":"\n<p class=\"has-text-align-center\"><strong>Propri\u00e9taire et r\u00e9dacteur responsable:<\/strong><br\/><br\/><strong>Th\u00e9a PHARMA S.A.<\/strong><br\/>Moserstrasse 27<br\/>8200 Schaffhausen<br\/>Tel.: +41 52 630 00 55<br\/>Fax: +41 52 630 00 50<br\/>E-mail:Info.Switzerland@theapharma.com<br\/><br\/><strong>Pharmacovigilance:<\/strong><br\/>vigilance.switzerland@theapharma.com<br\/><br\/>Num\u00e9ro RC: CHE-102.098.401 (num\u00e9ro du registre du commerce)<\/p>\n\n<p class=\"has-text-align-center\"><\/p>\n\n<p class=\"has-text-align-center\"><\/p>\n\n<p class=\"has-text-align-center\"><strong>Contenu, photos et concept<\/strong><br\/><br\/>Media Care Solutions GmbH<br\/>Eichstrasse 23<br\/>CH \u2013 8045 Z\u00fcrich<br\/>E-Mail: <a href=\"mailto:info@mecaso.ch\">info@mecaso.ch<\/a><br\/><a href=\"http:\/\/www.mecaso.ch\/\">www.mecaso.ch<\/a><\/p>\n","protected":false},"excerpt":{"rendered":"<p>Propri\u00e9taire et r\u00e9dacteur responsable: Th\u00e9a PHARMA S.A.Moserstrasse 278200 SchaffhausenTel.: +41 52 630 00 55Fax: +41 52 630 00 50E-mail:Info.Switzerland@theapharma.com Pharmacovigilance:vigilance.switzerland@theapharma.com Num\u00e9ro RC: CHE-102.098.401 (num\u00e9ro du registre du commerce) Contenu, photos et concept Media Care Solutions GmbHEichstrasse 23CH \u2013 8045 Z\u00fcrichE-Mail: info@mecaso.chwww.mecaso.ch<\/p>\n","protected":false},"author":1,"featured_media":0,"parent":0,"menu_order":0,"comment_status":"closed","ping_status":"closed","template":"","meta":{"_uag_custom_page_level_css":"","site-sidebar-layout":"default","site-content-layout":"default","ast-global-header-display":"","ast-banner-title-visibility":"","ast-main-header-display":"","ast-hfb-above-header-display":"","ast-hfb-below-header-display":"","ast-hfb-mobile-header-display":"","site-post-title":"","ast-breadcrumbs-content":"","ast-featured-img":"","footer-sml-layout":"","theme-transparent-header-meta":"","adv-header-id-meta":"","stick-header-meta":"","header-above-stick-meta":"","header-main-stick-meta":"","header-below-stick-meta":"","footnotes":""},"class_list":["post-723","page","type-page","status-publish","hentry"],"yoast_head":"<!-- This site is optimized with the Yoast SEO plugin v21.9.1 - https:\/\/yoast.com\/wordpress\/plugins\/seo\/ -->\n<title>Mentions l\u00e9gales - Lacrycon Duo - Wecke deine Augen auf!<\/title>\n<meta name=\"robots\" content=\"index, follow, max-snippet:-1, max-image-preview:large, max-video-preview:-1\" \/>\n<link rel=\"canonical\" href=\"https:\/\/lacrycon-duo.ch\/fr\/mentions-legales\/\" \/>\n<meta property=\"og:locale\" content=\"fr_FR\" \/>\n<meta property=\"og:type\" content=\"article\" \/>\n<meta property=\"og:title\" content=\"Mentions l\u00e9gales - Lacrycon Duo - Wecke deine Augen auf!\" \/>\n<meta property=\"og:description\" content=\"Propri\u00e9taire et r\u00e9dacteur responsable: Th\u00e9a PHARMA S.A.Moserstrasse 278200 SchaffhausenTel.: +41 52 630 00 55Fax: +41 52 630 00 50E-mail:Info.Switzerland@theapharma.com Pharmacovigilance:vigilance.switzerland@theapharma.com Num\u00e9ro RC: CHE-102.098.401 (num\u00e9ro du registre du commerce) Contenu, photos et concept Media Care Solutions GmbHEichstrasse 23CH \u2013 8045 Z\u00fcrichE-Mail: info@mecaso.chwww.mecaso.ch\" \/>\n<meta property=\"og:url\" content=\"https:\/\/lacrycon-duo.ch\/fr\/mentions-legales\/\" \/>\n<meta property=\"og:site_name\" content=\"Lacrycon Duo - Wecke deine Augen auf!\" \/>\n<meta property=\"article:modified_time\" content=\"2023-08-08T06:59:26+00:00\" \/>\n<meta name=\"twitter:card\" content=\"summary_large_image\" \/>\n<script type=\"application\/ld+json\" class=\"yoast-schema-graph\">{\"@context\":\"https:\/\/schema.org\",\"@graph\":[{\"@type\":\"WebPage\",\"@id\":\"https:\/\/lacrycon-duo.ch\/fr\/mentions-legales\/\",\"url\":\"https:\/\/lacrycon-duo.ch\/fr\/mentions-legales\/\",\"name\":\"Mentions l\u00e9gales - Lacrycon Duo - Wecke deine Augen auf!\",\"isPartOf\":{\"@id\":\"https:\/\/lacrycon-duo.ch\/fr\/#website\"},\"datePublished\":\"2023-07-18T09:56:43+00:00\",\"dateModified\":\"2023-08-08T06:59:26+00:00\",\"breadcrumb\":{\"@id\":\"https:\/\/lacrycon-duo.ch\/fr\/mentions-legales\/#breadcrumb\"},\"inLanguage\":\"fr-FR\",\"potentialAction\":[{\"@type\":\"ReadAction\",\"target\":[\"https:\/\/lacrycon-duo.ch\/fr\/mentions-legales\/\"]}]},{\"@type\":\"BreadcrumbList\",\"@id\":\"https:\/\/lacrycon-duo.ch\/fr\/mentions-legales\/#breadcrumb\",\"itemListElement\":[{\"@type\":\"ListItem\",\"position\":1,\"name\":\"Startseite\",\"item\":\"https:\/\/lacrycon-duo.ch\/fr\/\"},{\"@type\":\"ListItem\",\"position\":2,\"name\":\"Mentions l\u00e9gales\"}]},{\"@type\":\"WebSite\",\"@id\":\"https:\/\/lacrycon-duo.ch\/fr\/#website\",\"url\":\"https:\/\/lacrycon-duo.ch\/fr\/\",\"name\":\"Lacrycon Duo - Wecke deine Augen auf!\",\"description\":\"\",\"publisher\":{\"@id\":\"https:\/\/lacrycon-duo.ch\/fr\/#organization\"},\"potentialAction\":[{\"@type\":\"SearchAction\",\"target\":{\"@type\":\"EntryPoint\",\"urlTemplate\":\"https:\/\/lacrycon-duo.ch\/fr\/?s={search_term_string}\"},\"query-input\":\"required name=search_term_string\"}],\"inLanguage\":\"fr-FR\"},{\"@type\":\"Organization\",\"@id\":\"https:\/\/lacrycon-duo.ch\/fr\/#organization\",\"name\":\"Lacrycon Duo - Wecke deine Augen auf!\",\"url\":\"https:\/\/lacrycon-duo.ch\/fr\/\",\"logo\":{\"@type\":\"ImageObject\",\"inLanguage\":\"fr-FR\",\"@id\":\"https:\/\/lacrycon-duo.ch\/fr\/#\/schema\/logo\/image\/\",\"url\":\"https:\/\/lacrycon-duo.ch\/wp-content\/uploads\/2023\/07\/cropped-thea-logo-color-transparent.png\",\"contentUrl\":\"https:\/\/lacrycon-duo.ch\/wp-content\/uploads\/2023\/07\/cropped-thea-logo-color-transparent.png\",\"width\":1442,\"height\":714,\"caption\":\"Lacrycon Duo - Wecke deine Augen auf!\"},\"image\":{\"@id\":\"https:\/\/lacrycon-duo.ch\/fr\/#\/schema\/logo\/image\/\"}}]}<\/script>\n<!-- \/ Yoast SEO plugin. -->","yoast_head_json":{"title":"Mentions l\u00e9gales - Lacrycon Duo - Wecke deine Augen auf!","robots":{"index":"index","follow":"follow","max-snippet":"max-snippet:-1","max-image-preview":"max-image-preview:large","max-video-preview":"max-video-preview:-1"},"canonical":"https:\/\/lacrycon-duo.ch\/fr\/mentions-legales\/","og_locale":"fr_FR","og_type":"article","og_title":"Mentions l\u00e9gales - Lacrycon Duo - Wecke deine Augen auf!","og_description":"Propri\u00e9taire et r\u00e9dacteur responsable: Th\u00e9a PHARMA S.A.Moserstrasse 278200 SchaffhausenTel.: +41 52 630 00 55Fax: +41 52 630 00 50E-mail:Info.Switzerland@theapharma.com Pharmacovigilance:vigilance.switzerland@theapharma.com Num\u00e9ro RC: CHE-102.098.401 (num\u00e9ro du registre du commerce) Contenu, photos et concept Media Care Solutions GmbHEichstrasse 23CH \u2013 8045 Z\u00fcrichE-Mail: info@mecaso.chwww.mecaso.ch","og_url":"https:\/\/lacrycon-duo.ch\/fr\/mentions-legales\/","og_site_name":"Lacrycon Duo - Wecke deine Augen auf!","article_modified_time":"2023-08-08T06:59:26+00:00","twitter_card":"summary_large_image","schema":{"@context":"https:\/\/schema.org","@graph":[{"@type":"WebPage","@id":"https:\/\/lacrycon-duo.ch\/fr\/mentions-legales\/","url":"https:\/\/lacrycon-duo.ch\/fr\/mentions-legales\/","name":"Mentions l\u00e9gales - Lacrycon Duo - Wecke deine Augen auf!","isPartOf":{"@id":"https:\/\/lacrycon-duo.ch\/fr\/#website"},"datePublished":"2023-07-18T09:56:43+00:00","dateModified":"2023-08-08T06:59:26+00:00","breadcrumb":{"@id":"https:\/\/lacrycon-duo.ch\/fr\/mentions-legales\/#breadcrumb"},"inLanguage":"fr-FR","potentialAction":[{"@type":"ReadAction","target":["https:\/\/lacrycon-duo.ch\/fr\/mentions-legales\/"]}]},{"@type":"BreadcrumbList","@id":"https:\/\/lacrycon-duo.ch\/fr\/mentions-legales\/#breadcrumb","itemListElement":[{"@type":"ListItem","position":1,"name":"Startseite","item":"https:\/\/lacrycon-duo.ch\/fr\/"},{"@type":"ListItem","position":2,"name":"Mentions l\u00e9gales"}]},{"@type":"WebSite","@id":"https:\/\/lacrycon-duo.ch\/fr\/#website","url":"https:\/\/lacrycon-duo.ch\/fr\/","name":"Lacrycon Duo - Wecke deine Augen auf!","description":"","publisher":{"@id":"https:\/\/lacrycon-duo.ch\/fr\/#organization"},"potentialAction":[{"@type":"SearchAction","target":{"@type":"EntryPoint","urlTemplate":"https:\/\/lacrycon-duo.ch\/fr\/?s={search_term_string}"},"query-input":"required name=search_term_string"}],"inLanguage":"fr-FR"},{"@type":"Organization","@id":"https:\/\/lacrycon-duo.ch\/fr\/#organization","name":"Lacrycon Duo - Wecke deine Augen auf!","url":"https:\/\/lacrycon-duo.ch\/fr\/","logo":{"@type":"ImageObject","inLanguage":"fr-FR","@id":"https:\/\/lacrycon-duo.ch\/fr\/#\/schema\/logo\/image\/","url":"https:\/\/lacrycon-duo.ch\/wp-content\/uploads\/2023\/07\/cropped-thea-logo-color-transparent.png","contentUrl":"https:\/\/lacrycon-duo.ch\/wp-content\/uploads\/2023\/07\/cropped-thea-logo-color-transparent.png","width":1442,"height":714,"caption":"Lacrycon Duo - Wecke deine Augen auf!"},"image":{"@id":"https:\/\/lacrycon-duo.ch\/fr\/#\/schema\/logo\/image\/"}}]}},"uagb_featured_image_src":{"full":false,"thumbnail":false,"medium":false,"medium_large":false,"large":false,"1536x1536":false,"2048x2048":false},"uagb_author_info":{"display_name":"tp8pg","author_link":"https:\/\/lacrycon-duo.ch\/fr\/author\/tp8pg\/"},"uagb_comment_info":0,"uagb_excerpt":"Propri\u00e9taire et r\u00e9dacteur responsable: Th\u00e9a PHARMA S.A.Moserstrasse 278200 SchaffhausenTel.: +41 52 630 00 55Fax: +41 52 630 00 50E-mail:Info.Switzerland@theapharma.com Pharmacovigilance:vigilance.switzerland@theapharma.com Num\u00e9ro RC: CHE-102.098.401 (num\u00e9ro du registre du commerce) Contenu, photos et concept Media Care Solutions GmbHEichstrasse 23CH \u2013 8045 Z\u00fcrichE-Mail: info@mecaso.chwww.mecaso.ch","_links":{"self":[{"href":"https:\/\/lacrycon-duo.ch\/fr\/wp-json\/wp\/v2\/pages\/723","targetHints":{"allow":["GET"]}}],"collection":[{"href":"https:\/\/lacrycon-duo.ch\/fr\/wp-json\/wp\/v2\/pages"}],"about":[{"href":"https:\/\/lacrycon-duo.ch\/fr\/wp-json\/wp\/v2\/types\/page"}],"author":[{"embeddable":true,"href":"https:\/\/lacrycon-duo.ch\/fr\/wp-json\/wp\/v2\/users\/1"}],"replies":[{"embeddable":true,"href":"https:\/\/lacrycon-duo.ch\/fr\/wp-json\/wp\/v2\/comments?post=723"}],"version-history":[{"count":1,"href":"https:\/\/lacrycon-duo.ch\/fr\/wp-json\/wp\/v2\/pages\/723\/revisions"}],"predecessor-version":[{"id":725,"href":"https:\/\/lacrycon-duo.ch\/fr\/wp-json\/wp\/v2\/pages\/723\/revisions\/725"}],"wp:attachment":[{"href":"https:\/\/lacrycon-duo.ch\/fr\/wp-json\/wp\/v2\/media?parent=723"}],"curies":[{"name":"wp","href":"https:\/\/api.w.org\/{rel}","templated":true}]}}